{"id":3,"date":"2020-05-30T12:40:21","date_gmt":"2020-05-30T11:40:21","guid":{"rendered":"https:\/\/test.buero-woempener.de\/?page_id=3"},"modified":"2024-09-11T14:21:25","modified_gmt":"2024-09-11T13:21:25","slug":"datenschutz","status":"publish","type":"page","link":"https:\/\/test.buero-woempener.de\/?page_id=3","title":{"rendered":"Datenschutz"},"content":{"rendered":"\n<p><strong>Allgemein<\/strong><\/p>\n\n\n\n<p>Wir freuen uns \u00fcber den Besuch unseres Internetauftritts und \u00fcber Ihr Interesse an unseren Dienstleistungen. Wir messen dem Schutz Ihrer Privatsph\u00e4re als Nutzer unseres Internetauftritts h\u00f6chste Bedeutung bei und halten uns bei der Erhebung, Verarbeitung und Nutzung streng an die datenschutzrechtlichen Bestimmungen. Dies gilt insbesondere f\u00fcr die Verarbeitung Ihrer personenbezogenen Daten.<\/p>\n\n\n\n<h3 class=\"wp-block-heading\">Name und Kontaktdaten des Verantwortlichen&nbsp;gem. Art. 4 Abs. 7 EU-Datenschutz-Grundverordnung (DSGVO)&nbsp;<\/h3>\n\n\n\n<p>Verantwortlicher: B\u00fcro W\u00f6mpener<\/p>\n\n\n\n<p>Vertreter: Hans W\u00f6mpener<\/p>\n\n\n\n<p>Stra\u00dfe:&nbsp;Prie\u00dfallee 10&nbsp;<\/p>\n\n\n\n<p>PLZ\/Ort: 33604 Bielefeld<\/p>\n\n\n\n<p>Telefon: 0 52 1 &#8211; 29 60 81<\/p>\n\n\n\n<p>Fax: 0 52&nbsp;1 &#8211; 29 60 85&nbsp;<\/p>\n\n\n\n<p>E-Mail: <a href=\"mailto:info@buero-woempener.de\">info@buero-woempener.de<\/a><\/p>\n\n\n\n<p><strong>Erhebung, Speicherung und Verwendung&nbsp;von Daten<\/strong><\/p>\n\n\n\n<p>\u00dcber Formulare und Suchmaschinen sowie in Protokolldateien werden bei der Nutzung von Internetangeboten Daten erhoben. Dabei werden von uns keine personenbezogenen Daten gespeichert. Wir k\u00f6nnen also nicht nachvollziehen, welcher Nutzer welche Daten abgerufen hat. Personenbezogenen Daten sind Einzelangaben \u00fcber pers\u00f6nliche oder sachliche Verh\u00e4ltnisse einer bestimmten oder bestimmbaren nat\u00fcrlichen Person, die Aussagen zu ihrem Verhalten oder ihren Eigenschaften liefern. Dazu geh\u00f6ren Name, Anschrift, Telefon- oder Faxnummer, E-Mailadresse, aber auch Angaben zu pers\u00f6nlichen Interessen oder Ihrem Kaufverhalten, wenn diese Angaben Ihnen pers\u00f6nlich direkt oder indirekt zugeordnet werden k\u00f6nnen.<\/p>\n\n\n\n<p>Um Ihre Anfrage zu beantworten ben\u00f6tigen wir einige Angaben von Ihnen. Ihre Angaben werden ausschlie\u00dflich f\u00fcr die Abwicklung der genannten Zwecke verwendet.<\/p>\n\n\n\n<p>Wir speichern und verarbeiten Ihre Daten zur Beantwortung Ihrer Anfrage, um Ihnen ben\u00f6tigte Informationen zuzusenden. Bei der technischen Durchf\u00fchrung der Datenverarbeitung bedienen wir uns teilweise sorgf\u00e4ltig ausgew\u00e4hlter Dienstleister, welchem die gesetzlichen Bestimmungen zum betrieblichen Datenschutz gem\u00e4\u00df \u00a7\u00a7 9, 11 Bundesdatenschutzgesetz sowie zus\u00e4tzliche IT-Sicherheitsstandards erf\u00fcllen.<\/p>\n\n\n\n<p><strong>Protokollierung<\/strong><\/p>\n\n\n\n<p>Bei jedem Zugriff eines Nutzers auf eine Seite aus dem Internet-Angebot des B\u00fcro W\u00f6mpener und bei jedem Abruf einer Datei werden Daten \u00fcber diesen Vorgang in einer Protokolldatei gespeichert. Je nach verwendetem Zugriffsprotokoll beinhaltet der Protokolldatensatz Angaben mit folgenden Inhalten:<\/p>\n\n\n\n<p><br>\u2022 IP-Adresse des anfordernden Rechners,<br>\u2022 Name der angeforderten Datei,<br>\u2022 Datum und Uhrzeit der Anforderung,<br>\u2022 vom anfordernden Rechner gew\u00fcnschte Zugriffsmethoden\/Funktionen,<br>\u2022 Zugriffsstatus des Web-Servers (Datei \u00fcbertragen, Datei nicht gefunden, Kommando nicht ausgef\u00fchrt, etc.) sowie<br>\u2022 die URL, von der aus die Datei angefordert\/die gew\u00fcnschte Funktion veranlasst wurde,<br>\u2022 Betriebssystem und Browsertyp bzw. Browsereinstellungen.<\/p>\n\n\n\n<p>Es gibt keine M\u00f6glichkeit, IP-Adresse und personenbezogene Daten zu verkn\u00fcpfen, d.h. es werden keine Nutzungsprofile erstellt. Die gespeicherten Daten werden ausschlie\u00dflich zu Zwecken der Identifikation und Nachverfolgung unzul\u00e4ssiger Zugriffsversuche\/Zugriffe auf den Web-Server sowie f\u00fcr statistische Auswertungen wie Besucherzahlen und Seitenpopularit\u00e4t verwendet. Die Auswertung erfolgt nur durch autorisierte Mitarbeiter von uns.<\/p>\n\n\n\n<p><strong>Einsatz&nbsp;von Cookies<\/strong><\/p>\n\n\n\n<p>Dieser Internetauftritt verwendet sog. Cookies. Hierbei handelt es sich um kleine Text-Dateien, die von unserem Webserver an Ihren Browser gesendet und auf der Festplatte Ihres Computers gespeichert werden. Dabei werden keine pers\u00f6nlichen Daten gespeichert, sondern nur ein individuelles Pseudonym. Diese Information dient z. B. dazu, Sie w\u00e4hrend der Navigation auf unseren Seiten wiederzuerkennen, und Ihnen die Navigation zu erleichtern.<\/p>\n\n\n\n<p>Sie k\u00f6nnen Ihren Browser so einstellen, dass er Sie \u00fcber die Platzierung von Cookies informiert. So wird der Gebrauch der Cookies f\u00fcr Sie transparent. Alternativ k\u00f6nnen Sie diesen Internetauftritt auch ohne Cookies betrachten. Dies k\u00f6nnen Sie in Ihrem jeweiligen Browser voreinstellen. Bitte beachten Sie, dass dann eventuell einige Funktionen der Internetseite teilweise oder vollst\u00e4ndig nicht mehr zur Verf\u00fcgung stehen.<\/p>\n\n\n\n<p><strong>Webstatistik \u2013 Google Analytics<\/strong><\/p>\n\n\n\n<p>Diese Website benutzt Google Analytics, einen Webanalysedienst der Google Inc. Google Analytics verwendet Cookies. Die durch den Cookie erzeugten Informationen \u00fcber Ihre Benutzung dieser Website werden in der Regel an einen Server von Google in den USA \u00fcbertragen und dort gespeichert. Da wir die IP-Anonymisierung auf dieser Webseite aktiviert haben, wird Ihre IP-Adresse von Google jedoch zuvor innerhalb von Mitgliedstaaten der Europ\u00e4ischen Union oder in anderen Vertragsstaaten des Abkommens \u00fcber den Europ\u00e4ischen Wirtschaftsraum gek\u00fcrzt. Nur in Ausnahmef\u00e4llen wird die volle IP-Adresse an einen Server von Google in den USA \u00fcbertragen und dort gek\u00fcrzt. In unserem Auftrag wird Google diese Informationen benutzen, um Ihre Nutzung der Website auszuwerten, um Reports \u00fcber die Websiteaktivit\u00e4ten zusammenzustellen und um weitere mit der Websitenutzung und der Internetnutzung verbundene Dienstleistungen gegen\u00fcber uns zu erbringen. Die im Rahmen von Google Analytics von Ihrem Browser \u00fcbermittelte IP-Adresse wird nicht mit anderen Daten von Google zusammengef\u00fchrt. Sie k\u00f6nnen die Speicherung der Cookies durch eine entsprechende Einstellung Ihrer Browser-Software verhindern; wir weisen Sie jedoch darauf hin, dass Sie in diesem Fall gegebenenfalls nicht s\u00e4mtliche Funktionen dieser Website vollumf\u00e4nglich werden nutzen k\u00f6nnen. Sie k\u00f6nnen dar\u00fcber hinaus die Erfassung der durch das Cookie erzeugten und auf Ihre Nutzung der Website bezogenen Daten (inkl. Ihrer IP-Adresse) an Google sowie die Verarbeitung dieser Daten durch Google verhindern, indem sie das entsprechende Browser-Plugin (aktuell verf\u00fcgbar unter: https:\/\/tools.google.com\/dlpage\/gaoptout?hl=de, herstellerseitige \u00c4nderungen vorbehalten) herunterladen und installieren.<\/p>\n\n\n\n<p><strong>Links zu anderen Internetauftritten<\/strong><\/p>\n\n\n\n<p>Unser Internetauftritt kann Links zu anderen Internetauftritten enthalten. Wir haben keinen Einfluss darauf, dass deren Betreiber die Datenschutzbestimmungen einhalten. Trotz sorgf\u00e4ltiger inhaltlicher Kontrolle \u00fcbernehmen wir keine Haftung f\u00fcr die Inhalte der externen Links. F\u00fcr den Inhalt der verlinkten Seiten sind ausschlie\u00dflich deren Betreiber verantwortlich.<\/p>\n\n\n\n<p><strong>Ihre Rechte&nbsp;als Nutzer<\/strong><\/p>\n\n\n\n<p>Sie k\u00f6nnen jederzeit Auskunft dar\u00fcber verlangen, welche Daten \u00fcber Sie zu welchen Zwecken bei uns gespeichert sind. Dar\u00fcber hinaus k\u00f6nnen Sie unrichtige Daten berichtigen oder solche Daten l\u00f6schen lassen, deren Speicherung unzul\u00e4ssig oder nicht mehr erforderlich ist. Sie k\u00f6nnen ferner der o.g. Nutzung Ihrer Daten jederzeit widersprechen. Teilen Sie uns in diesem Fall bitte Ihren Widerspruch unter der o. g. E-MailAdresse mit.<\/p>\n\n\n\n<p><strong>Betroffenenrechte<\/strong><\/p>\n\n\n\n<p>Sie haben jederzeit das Recht auf Auskunft \u00fcber die zu Ihnen gespeicherten personenbezogenen Daten. Sie haben dar\u00fcber hinaus gem\u00e4\u00df der Artikel 16 bis 20 DS-GVO das Recht auf Berichtigung unrichtiger Daten, das Recht auf L\u00f6schung Ihrer personenbezogenen Daten, das Recht auf Einschr\u00e4nkung der Verarbeitung Ihrer personenbezogenen Daten sowie das Recht auf Daten\u00fcbertragbarkeit.<\/p>\n\n\n\n<h3 class=\"wp-block-heading\"><strong>Recht auf Widerruf der Einwilligungen<\/strong><\/h3>\n\n\n\n<p>Sie haben jederzeit das Recht, eine erteilte Einwilligung zu widerrufen. Der Widerruf gilt mit sofortiger Wirkung f\u00fcr die Zukunft. Die Rechtm\u00e4\u00dfigkeit der aufgrund einer Einwilligung bis zum Widerruf erfolgten Verarbeitungen werden durch den Widerruf nicht ber\u00fchrt.<\/p>\n\n\n\n<h3 class=\"wp-block-heading\">Beschwerderecht<\/h3>\n\n\n\n<p>Sofern Sie der Ansicht sind, dass die Verarbeitung Ihrer personenbezogenen Daten gegen die DS-GVO verst\u00f6\u00dft, haben Sie das Recht auf Beschwerde bei einer Aufsichtsbeh\u00f6rde.<\/p>\n\n\n\n<h3 class=\"wp-block-heading\">Bereitstellung Ihrer personenbezogenen Daten<\/h3>\n\n\n\n<p>Personenbezogene Daten sind Informationen zu Ihrer Identit\u00e4t. Hierunter fallen z.B. Angaben wie Name, Adresse, Telefonnummer oder auch die E-Mail-Adresse. F\u00fcr die Nutzung dieses Internetangebots ist es nicht erforderlich, dass Sie personenbezogene Daten preisgeben m\u00fcssen. In bestimmten F\u00e4llen ben\u00f6tigen wir jedoch Ihren Namen und Ihre Adresse sowie weitere Angaben, damit wir die gew\u00fcnschten Dienstleistungen erbringen k\u00f6nnen.<\/p>\n\n\n\n<p>Dieses gilt beispielsweise f\u00fcr die Verwendung unseres Kontaktformulars, die Zusendung von Informationen oder f\u00fcr die Beantwortung individueller Fragen. Dar\u00fcber hinaus speichern und verarbeiten wir nur Daten, die Sie freiwillig oder automatisch zur Verf\u00fcgung stellen. Sofern Sie Beratungsleistungen in Anspruch nehmen, werden in der Regel nur solche Daten erhoben, die zur Erbringung der Leistungen ben\u00f6tigt werden. Soweit wir Sie um weitergehende Daten bitten, handelt es sich um freiwillige Informationen. Die von Ihnen zur Verf\u00fcgung gestellten personenbezogenen Daten werden ausschlie\u00dflich f\u00fcr die Ihnen mitgeteilten Zwecke verarbeitet.<\/p>\n\n\n\n<h3 class=\"wp-block-heading\">\u00c4nderung der Datenschutzbestimmungen<\/h3>\n\n\n\n<p>Wir behalten uns das Recht vor, jederzeit die Sicherheits- und Datenschutzma\u00dfnahmen zu ver\u00e4ndern, insbesondere soweit dies aufgrund der technischen Entwicklung erforderlich wird. In diesen F\u00e4llen werden wir ggf. auch diese Hinweise zum Datenschutz entsprechend anpassen. Bitte beachten Sie daher die jeweils aktuelle Version dieser Datenschutzerkl\u00e4rung. Diese Datenschutzerkl\u00e4rung ist aktuell g\u00fcltig und hat den Stand Mai 2018.<\/p>\n\n\n\n<h3 class=\"wp-block-heading\">Fragen, Anregungen, Beschwerden<\/h3>\n\n\n\n<p>Wenn Sie weitergehende Fragen zu den Hinweisen zum Datenschutz und zur Verarbeitung Ihrer pers\u00f6nlichen Daten haben, k\u00f6nnen Sie sich direkt an unseren Datenschutzbeauftragten unter Verwendung der oben angegebenen Kontaktdaten wenden.<\/p>\n","protected":false},"excerpt":{"rendered":"<p>Allgemein Wir freuen uns \u00fcber den Besuch unseres Internetauftritts und \u00fcber Ihr Interesse an unseren Dienstleistungen. Wir messen dem Schutz Ihrer Privatsph\u00e4re als Nutzer unseres Internetauftritts h\u00f6chste Bedeutung bei und &#8230;<\/p>\n","protected":false},"author":2,"featured_media":0,"parent":0,"menu_order":0,"comment_status":"closed","ping_status":"closed","template":"","meta":{"footnotes":""},"class_list":["post-3","page","type-page","status-publish","hentry"],"_links":{"self":[{"href":"https:\/\/test.buero-woempener.de\/index.php?rest_route=\/wp\/v2\/pages\/3","targetHints":{"allow":["GET"]}}],"collection":[{"href":"https:\/\/test.buero-woempener.de\/index.php?rest_route=\/wp\/v2\/pages"}],"about":[{"href":"https:\/\/test.buero-woempener.de\/index.php?rest_route=\/wp\/v2\/types\/page"}],"author":[{"embeddable":true,"href":"https:\/\/test.buero-woempener.de\/index.php?rest_route=\/wp\/v2\/users\/2"}],"replies":[{"embeddable":true,"href":"https:\/\/test.buero-woempener.de\/index.php?rest_route=%2Fwp%2Fv2%2Fcomments&post=3"}],"version-history":[{"count":3,"href":"https:\/\/test.buero-woempener.de\/index.php?rest_route=\/wp\/v2\/pages\/3\/revisions"}],"predecessor-version":[{"id":1357,"href":"https:\/\/test.buero-woempener.de\/index.php?rest_route=\/wp\/v2\/pages\/3\/revisions\/1357"}],"wp:attachment":[{"href":"https:\/\/test.buero-woempener.de\/index.php?rest_route=%2Fwp%2Fv2%2Fmedia&parent=3"}],"curies":[{"name":"wp","href":"https:\/\/api.w.org\/{rel}","templated":true}]}}