{"id":1358,"date":"2020-10-02T12:40:06","date_gmt":"2020-10-02T11:40:06","guid":{"rendered":"https:\/\/test.buero-woempener.de\/?page_id=1358"},"modified":"2020-10-02T12:40:06","modified_gmt":"2020-10-02T11:40:06","slug":"impressum","status":"publish","type":"page","link":"https:\/\/test.buero-woempener.de\/?page_id=1358","title":{"rendered":"IMPRESSUM"},"content":{"rendered":"\n<p>B\u00fcro W\u00f6mpener<br>Prie\u00dfallee 10<br>33604 Bielefeld<br><br>Telefon: +49 (521) 29 60 81<br>Telefax: +49 (521) 29 60 85<br>eMail: info[at]buero-woempener.de<br><br>Inhaber: Hans W\u00f6mpener\u00a0\u00a0\u00a0<\/p>\n\n\n\n<p>Inhaltlich Verantwortlicher gem. \u00a7 55 II RStV: Hans W\u00f6mpener (Anschrift s.o.)<\/p>\n\n\n\n<p>Erlaubnis gem. \u00a7 34 c GewO erteilt durch die Stadt Bielefeld<\/p>\n\n\n\n<p>Erlaubnis gem. \u00a7 34 f GewO ausgestellt durch IHK Ostwestfalen zu Bielefeld<\/p>\n\n\n\n<p>Registrierungsnummer: D-F-108-ALS1-12 gem. \u00a7 11a Abs.1 GewO, zust\u00e4ndige Beh\u00f6rde: IHK Ostwestfalen zu Bielefeld<\/p>\n\n\n\n<p><br><br><br>Rechtliche Hinweise \/ Disclaimer<br><br>1. Haftungsbeschr\u00e4nkung<br>Die Inhalte dieser Website werden mit gr\u00f6\u00dftm\u00f6glicher Sorgfalt erstellt. Der Anbieter \u00fcbernimmt jedoch keine Gew\u00e4hr f\u00fcr die Richtigkeit, Vollst\u00e4ndigkeit und Aktualit\u00e4t der bereitgestellten Inhalte. Die Nutzung der Inhalte der Website erfolgt auf eigene Gefahr des Nutzers. Namentlich gekennzeichnete Beitr\u00e4ge geben die Meinung des jeweiligen Autors und nicht immer die Meinung des Anbieters wieder. Mit der reinen Nutzung der Website des Anbieters kommt keinerlei Vertragsverh\u00e4ltnis zwischen dem Nutzer und dem Anbieter zustande.<br><br>2. Urheber- und Leistungsschutzrechte<br>Die auf dieser Website ver\u00f6ffentlichten Inhalte unterliegen dem deutschen Urheber- und Leistungsschutzrecht. Jede vom deutschen Urheber- und Leistungsschutzrecht nicht zugelassene Verwertung bedarf der vorherigen schriftlichen Zustimmung des Anbieters oder jeweiligen Rechteinhabers. Dies gilt insbesondere f\u00fcr Vervielf\u00e4ltigung, Bearbeitung, \u00dcbersetzung, Einspeicherung, Verarbeitung bzw. Wiedergabe von Inhalten in Datenbanken oder anderen elektronischen Medien und Systemen. Inhalte und Rechte Dritter sind dabei als solche gekennzeichnet. Die unerlaubte Vervielf\u00e4ltigung oder Weitergabe einzelner Inhalte oder kompletter Seiten ist nicht gestattet und strafbar. Lediglich die Herstellung von Kopien und Downloads f\u00fcr den pers\u00f6nlichen, privaten und nicht kommerziellen Gebrauch ist erlaubt.<br><br>Die Darstellung dieser Website in fremden Frames ist nur mit schriftlicher Erlaubnis zul\u00e4ssig.<br><br>3. Datenschutz<br>Durch den Besuch der Website des Anbieters k\u00f6nnen Informationen \u00fcber den Zugriff (Datum, Uhrzeit, betrachtete Seite) gespeichert werden. Diese Daten geh\u00f6ren nicht zu den personenbezogenen Daten, sondern sind anonymisiert. Sie werden ausschlie\u00dflich zu statistischen Zwecken ausgewertet. Eine Weitergabe an Dritte, zu kommerziellen oder nichtkommerziellen Zwecken, findet nicht statt.<br><br>Der Anbieter weist ausdr\u00fccklich darauf hin, dass die Daten\u00fcbertragung im Internet (z.B. bei der Kommunikation per E-Mail) Sicherheitsl\u00fccken aufweisen und nicht l\u00fcckenlos vor dem Zugriff durch Dritte gesch\u00fctzt werden kann.<br><br>Die Verwendung der Kontaktdaten des Impressums zur gewerblichen Werbung ist ausdr\u00fccklich nicht erw\u00fcnscht, es sei denn der Anbieter hatte zuvor seine schriftliche Einwilligung erteilt oder es besteht bereits eine Gesch\u00e4ftsbeziehung. Der Anbieter und alle auf dieser Website genannten Personen widersprechen hiermit jeder kommerziellen Verwendung und Weitergabe ihrer Daten.<br><\/p>\n\n\n\n<p><a href=\"https:\/\/www.buero-woempener.de\/joomla\/index.php\/datenschutz\"><em>Datenschutzhinweise gem\u00e4\u00df Datenschutzgrundverordnung (DSGVO)<\/em><\/a><\/p>\n","protected":false},"excerpt":{"rendered":"<p>B\u00fcro W\u00f6mpenerPrie\u00dfallee 1033604 Bielefeld Telefon: +49 (521) 29 60 81Telefax: +49 (521) 29 60 85eMail: info[at]buero-woempener.de Inhaber: Hans W\u00f6mpener\u00a0\u00a0\u00a0 Inhaltlich Verantwortlicher gem. \u00a7 55 II RStV: Hans W\u00f6mpener (Anschrift s.o.) &#8230;<\/p>\n","protected":false},"author":2,"featured_media":0,"parent":0,"menu_order":0,"comment_status":"closed","ping_status":"closed","template":"","meta":{"footnotes":""},"class_list":["post-1358","page","type-page","status-publish","hentry"],"_links":{"self":[{"href":"https:\/\/test.buero-woempener.de\/index.php?rest_route=\/wp\/v2\/pages\/1358","targetHints":{"allow":["GET"]}}],"collection":[{"href":"https:\/\/test.buero-woempener.de\/index.php?rest_route=\/wp\/v2\/pages"}],"about":[{"href":"https:\/\/test.buero-woempener.de\/index.php?rest_route=\/wp\/v2\/types\/page"}],"author":[{"embeddable":true,"href":"https:\/\/test.buero-woempener.de\/index.php?rest_route=\/wp\/v2\/users\/2"}],"replies":[{"embeddable":true,"href":"https:\/\/test.buero-woempener.de\/index.php?rest_route=%2Fwp%2Fv2%2Fcomments&post=1358"}],"version-history":[{"count":1,"href":"https:\/\/test.buero-woempener.de\/index.php?rest_route=\/wp\/v2\/pages\/1358\/revisions"}],"predecessor-version":[{"id":1359,"href":"https:\/\/test.buero-woempener.de\/index.php?rest_route=\/wp\/v2\/pages\/1358\/revisions\/1359"}],"wp:attachment":[{"href":"https:\/\/test.buero-woempener.de\/index.php?rest_route=%2Fwp%2Fv2%2Fmedia&parent=1358"}],"curies":[{"name":"wp","href":"https:\/\/api.w.org\/{rel}","templated":true}]}}