{"id":11,"date":"2020-05-30T13:56:37","date_gmt":"2020-05-30T12:56:37","guid":{"rendered":"https:\/\/test.buero-woempener.de\/?page_id=11"},"modified":"2020-10-21T12:39:47","modified_gmt":"2020-10-21T11:39:47","slug":"kontakt","status":"publish","type":"page","link":"https:\/\/test.buero-woempener.de\/?page_id=11","title":{"rendered":"Kontakt"},"content":{"rendered":"\n<div class=\"wp-block-media-text alignwide is-stacked-on-mobile\"><figure class=\"wp-block-media-text__media\"><img loading=\"lazy\" decoding=\"async\" width=\"1000\" height=\"633\" src=\"https:\/\/test.buero-woempener.de\/wp-content\/uploads\/2020\/05\/shutterstock_131760269.jpg\" alt=\"\" class=\"wp-image-17\" srcset=\"https:\/\/test.buero-woempener.de\/wp-content\/uploads\/2020\/05\/shutterstock_131760269.jpg 1000w, https:\/\/test.buero-woempener.de\/wp-content\/uploads\/2020\/05\/shutterstock_131760269-300x190.jpg 300w, https:\/\/test.buero-woempener.de\/wp-content\/uploads\/2020\/05\/shutterstock_131760269-768x486.jpg 768w\" sizes=\"auto, (max-width: 1000px) 100vw, 1000px\" \/><\/figure><div class=\"wp-block-media-text__content\">\n<p>Postanschrift:<br>B\u00fcro W\u00f6mpener, Postfach 10 08 11, 33508 Bielefeld<\/p>\n\n\n\n<p>B\u00fcroanschrift:<br>B\u00fcro W\u00f6mpener, Prie\u00dfallee 10, 33604 Bielefeld<\/p>\n\n\n\n<p>Telefon: +49 0521 &#8211; 29 60 -81<br>Telefax: +49 0521 &#8211; 29 60 -85<br>eMail: <a href=\"mailto:info@buero-woempener.de\">info@buero-woempener.de<\/a><br>Webseite: <a href=\"https:\/\/www.buero-woempener.de\/\">www.buero-woempener.de<\/a><\/p>\n<\/div><\/div>\n\n\n\n<div class=\"wp-block-columns is-layout-flex wp-container-core-columns-is-layout-9d6595d7 wp-block-columns-is-layout-flex\">\n<div class=\"wp-block-column is-layout-flow wp-block-column-is-layout-flow\"><div class=\"wpforms-container wpforms-container-full wpforms-block\" id=\"wpforms-1442\"><form id=\"wpforms-form-1442\" class=\"wpforms-validate wpforms-form\" data-formid=\"1442\" method=\"post\" enctype=\"multipart\/form-data\" action=\"\/index.php?rest_route=%2Fwp%2Fv2%2Fpages%2F11\" data-token=\"b960f897e69fe309ff1877692e152a14\" data-token-time=\"1777503605\"><noscript class=\"wpforms-error-noscript\">Bitte aktiviere JavaScript in deinem Browser, um dieses Formular fertigzustellen.<\/noscript><div class=\"wpforms-field-container\"><div id=\"wpforms-1442-field_0-container\" class=\"wpforms-field wpforms-field-name\" data-field-id=\"0\"><label class=\"wpforms-field-label\">Name <span class=\"wpforms-required-label\">*<\/span><\/label><div class=\"wpforms-field-row wpforms-field-medium\"><div class=\"wpforms-field-row-block wpforms-first wpforms-one-half\"><input type=\"text\" id=\"wpforms-1442-field_0\" class=\"wpforms-field-name-first wpforms-field-required\" name=\"wpforms[fields][0][first]\" required><label for=\"wpforms-1442-field_0\" class=\"wpforms-field-sublabel after\">Vorname<\/label><\/div><div class=\"wpforms-field-row-block wpforms-one-half\"><input type=\"text\" id=\"wpforms-1442-field_0-last\" class=\"wpforms-field-name-last wpforms-field-required\" name=\"wpforms[fields][0][last]\" required><label for=\"wpforms-1442-field_0-last\" class=\"wpforms-field-sublabel after\">Nachname<\/label><\/div><\/div><\/div><div id=\"wpforms-1442-field_1-container\" class=\"wpforms-field wpforms-field-email\" data-field-id=\"1\"><label class=\"wpforms-field-label\" for=\"wpforms-1442-field_1\">E-Mail <span class=\"wpforms-required-label\">*<\/span><\/label><input type=\"email\" id=\"wpforms-1442-field_1\" class=\"wpforms-field-medium wpforms-field-required\" name=\"wpforms[fields][1]\" spellcheck=\"false\" required><\/div><div id=\"wpforms-1442-field_2-container\" class=\"wpforms-field wpforms-field-textarea\" data-field-id=\"2\"><label class=\"wpforms-field-label\" for=\"wpforms-1442-field_2\">Kommentar oder Nachricht <span class=\"wpforms-required-label\">*<\/span><\/label><textarea id=\"wpforms-1442-field_2\" class=\"wpforms-field-medium wpforms-field-required\" name=\"wpforms[fields][2]\" required><\/textarea><\/div><\/div><!-- .wpforms-field-container --><div class=\"wpforms-submit-container\" ><input type=\"hidden\" name=\"wpforms[id]\" value=\"1442\"><input type=\"hidden\" name=\"page_title\" value=\"\"><input type=\"hidden\" name=\"page_url\" value=\"https:\/\/test.buero-woempener.de\/index.php?rest_route=\/wp\/v2\/pages\/11\"><input type=\"hidden\" name=\"url_referer\" value=\"\"><button type=\"submit\" name=\"wpforms[submit]\" id=\"wpforms-submit-1442\" class=\"wpforms-submit\" data-alt-text=\"Senden...\" data-submit-text=\"Absenden\" aria-live=\"assertive\" value=\"wpforms-submit\">Absenden<\/button><\/div><\/form><\/div>  <!-- .wpforms-container --><\/div>\n<\/div>\n\n\n\n<p><\/p>\n","protected":false},"excerpt":{"rendered":"<p>Postanschrift:B\u00fcro W\u00f6mpener, Postfach 10 08 11, 33508 Bielefeld B\u00fcroanschrift:B\u00fcro W\u00f6mpener, Prie\u00dfallee 10, 33604 Bielefeld Telefon: +49 0521 &#8211; 29 60 -81Telefax: +49 0521 &#8211; 29 60 -85eMail: info@buero-woempener.deWebseite: www.buero-woempener.de<\/p>\n","protected":false},"author":2,"featured_media":17,"parent":0,"menu_order":0,"comment_status":"closed","ping_status":"closed","template":"","meta":{"footnotes":""},"class_list":["post-11","page","type-page","status-publish","has-post-thumbnail","hentry"],"_links":{"self":[{"href":"https:\/\/test.buero-woempener.de\/index.php?rest_route=\/wp\/v2\/pages\/11","targetHints":{"allow":["GET"]}}],"collection":[{"href":"https:\/\/test.buero-woempener.de\/index.php?rest_route=\/wp\/v2\/pages"}],"about":[{"href":"https:\/\/test.buero-woempener.de\/index.php?rest_route=\/wp\/v2\/types\/page"}],"author":[{"embeddable":true,"href":"https:\/\/test.buero-woempener.de\/index.php?rest_route=\/wp\/v2\/users\/2"}],"replies":[{"embeddable":true,"href":"https:\/\/test.buero-woempener.de\/index.php?rest_route=%2Fwp%2Fv2%2Fcomments&post=11"}],"version-history":[{"count":10,"href":"https:\/\/test.buero-woempener.de\/index.php?rest_route=\/wp\/v2\/pages\/11\/revisions"}],"predecessor-version":[{"id":1474,"href":"https:\/\/test.buero-woempener.de\/index.php?rest_route=\/wp\/v2\/pages\/11\/revisions\/1474"}],"wp:featuredmedia":[{"embeddable":true,"href":"https:\/\/test.buero-woempener.de\/index.php?rest_route=\/wp\/v2\/media\/17"}],"wp:attachment":[{"href":"https:\/\/test.buero-woempener.de\/index.php?rest_route=%2Fwp%2Fv2%2Fmedia&parent=11"}],"curies":[{"name":"wp","href":"https:\/\/api.w.org\/{rel}","templated":true}]}}