{"id":10,"date":"2020-05-30T13:56:37","date_gmt":"2020-05-30T12:56:37","guid":{"rendered":"https:\/\/test.buero-woempener.de\/?page_id=10"},"modified":"2020-10-21T13:23:59","modified_gmt":"2020-10-21T12:23:59","slug":"ueber-uns","status":"publish","type":"page","link":"https:\/\/test.buero-woempener.de\/?page_id=10","title":{"rendered":"\u00dcber uns"},"content":{"rendered":"\n<p class=\"has-text-align-left has-normal-font-size\">Bereits seit 1968 bieten wir unabh\u00e4ngige Beratung und Betreuung f\u00fcr sinnvolle und rentable Kapitalanlagen. Wir verstehen uns als Dienstleister. Der bestm\u00f6gliche Service f\u00fcr unsere Mandanten und Gesch\u00e4ftspartner steht f\u00fcr uns im Mittelpunkt und ist Basis unserer Unternehmensphilosophie.<br>\u00a0<\/p>\n\n\n\n<div class=\"wp-block-media-text alignwide is-stacked-on-mobile is-vertically-aligned-top\"><figure class=\"wp-block-media-text__media\"><img loading=\"lazy\" decoding=\"async\" width=\"1000\" height=\"667\" src=\"https:\/\/test.buero-woempener.de\/wp-content\/uploads\/2020\/05\/shutterstock_124923554.jpg\" alt=\"\" class=\"wp-image-15\" srcset=\"https:\/\/test.buero-woempener.de\/wp-content\/uploads\/2020\/05\/shutterstock_124923554.jpg 1000w, https:\/\/test.buero-woempener.de\/wp-content\/uploads\/2020\/05\/shutterstock_124923554-300x200.jpg 300w, https:\/\/test.buero-woempener.de\/wp-content\/uploads\/2020\/05\/shutterstock_124923554-768x512.jpg 768w\" sizes=\"auto, (max-width: 1000px) 100vw, 1000px\" \/><\/figure><div class=\"wp-block-media-text__content\">\n<p class=\"has-normal-font-size\">Wir sind an keine Konzeptions-, Vertriebs- oder Initiatorengesellschaft gebunden. Unsere Unabh\u00e4ngigkeit erlaubt uns eine kritische Analyse und individuelle kundenbezogene Auswahl unserer Empfehlungen und ist die Grundlage unseres Anspruchs einer mandantenorientierten Betreuung.<\/p>\n<\/div><\/div>\n\n\n\n<p class=\"has-normal-font-size\"><br>Wir begleiten die von uns vermittelten Produkte w\u00e4hrend der gesamten Laufzeit. \u00dcber Beiratstmandate nehmen wir i.d.R. aktiv Einfluss auf die Entwicklung und vertreten die Interessen unserer Mandanten. Zudem dokumentieren und vergleichen wir kontinuierlich den geplanten mit dem tats\u00e4chlichen Verlauf. Durch diese Transparenz sind unsere Mandanten zu jeder Zeit \u00fcber den aktuellen Stand sowohl der einzelnen Investments als auch ihres Gesamtportfolios informiert.<\/p>\n\n\n\n<p class=\"has-normal-font-size\">Unser Bestreben ist ausgerichtet auf eine vertrauensvolle, partnerschaftliche und nachhaltige Zusammenarbeit, aufgebaut und getragen durch regelm\u00e4\u00dfige pers\u00f6nliche Kontakte.<\/p>\n","protected":false},"excerpt":{"rendered":"<p>Bereits seit 1968 bieten wir unabh\u00e4ngige Beratung und Betreuung f\u00fcr sinnvolle und rentable Kapitalanlagen. Wir verstehen uns als Dienstleister. Der bestm\u00f6gliche Service f\u00fcr unsere Mandanten und Gesch\u00e4ftspartner steht f\u00fcr uns &#8230;<\/p>\n","protected":false},"author":2,"featured_media":0,"parent":0,"menu_order":0,"comment_status":"closed","ping_status":"closed","template":"","meta":{"footnotes":""},"class_list":["post-10","page","type-page","status-publish","hentry"],"_links":{"self":[{"href":"https:\/\/test.buero-woempener.de\/index.php?rest_route=\/wp\/v2\/pages\/10","targetHints":{"allow":["GET"]}}],"collection":[{"href":"https:\/\/test.buero-woempener.de\/index.php?rest_route=\/wp\/v2\/pages"}],"about":[{"href":"https:\/\/test.buero-woempener.de\/index.php?rest_route=\/wp\/v2\/types\/page"}],"author":[{"embeddable":true,"href":"https:\/\/test.buero-woempener.de\/index.php?rest_route=\/wp\/v2\/users\/2"}],"replies":[{"embeddable":true,"href":"https:\/\/test.buero-woempener.de\/index.php?rest_route=%2Fwp%2Fv2%2Fcomments&post=10"}],"version-history":[{"count":17,"href":"https:\/\/test.buero-woempener.de\/index.php?rest_route=\/wp\/v2\/pages\/10\/revisions"}],"predecessor-version":[{"id":1460,"href":"https:\/\/test.buero-woempener.de\/index.php?rest_route=\/wp\/v2\/pages\/10\/revisions\/1460"}],"wp:attachment":[{"href":"https:\/\/test.buero-woempener.de\/index.php?rest_route=%2Fwp%2Fv2%2Fmedia&parent=10"}],"curies":[{"name":"wp","href":"https:\/\/api.w.org\/{rel}","templated":true}]}}